{"id":29402,"date":"2021-10-05T21:58:44","date_gmt":"2021-10-05T19:58:44","guid":{"rendered":"https:\/\/xn--gebetshausbdeli-jtb.ch\/?page_id=29402"},"modified":"2025-03-18T19:24:23","modified_gmt":"2025-03-18T18:24:23","slug":"impressum","status":"publish","type":"page","link":"https:\/\/xn--gebetshausbdeli-jtb.ch\/en\/impressum\/","title":{"rendered":"Impressum"},"content":{"rendered":"<p>[et_pb_section fb_built=&#8220;1&#8243; _builder_version=&#8220;4.16&#8243; _module_preset=&#8220;default&#8220; background_color_gradient_direction=&#8220;177deg&#8220; background_image=&#8220;https:\/\/xn--gebetshausbdeli-jtb.ch\/wp-content\/uploads\/2021\/10\/eiger_moench_jungfrau.jpg&#8220; height=&#8220;40vh&#8220; global_colors_info=&#8220;{}&#8220;][et_pb_row _builder_version=&#8220;4.16&#8243; _module_preset=&#8220;default&#8220; custom_margin=&#8220;10vh||10vh||false|false&#8220; global_colors_info=&#8220;{}&#8220;][et_pb_column type=&#8220;4_4&#8243; _builder_version=&#8220;4.16&#8243; _module_preset=&#8220;default&#8220; global_colors_info=&#8220;{}&#8220;][et_pb_text _builder_version=&#8220;4.16&#8243; _module_preset=&#8220;default&#8220; text_font=&#8220;|700|||||||&#8220; text_text_color=&#8220;#FFFFFF&#8220; text_font_size=&#8220;70px&#8220; text_line_height=&#8220;1em&#8220; text_orientation=&#8220;center&#8220; text_font_size_tablet=&#8220;70px&#8220; text_font_size_phone=&#8220;50px&#8220; text_font_size_last_edited=&#8220;on|tablet&#8220; text_text_shadow_style=&#8220;preset3&#8243; text_text_shadow_color=&#8220;rgba(0,0,0,0.79)&#8220; global_colors_info=&#8220;{}&#8220;]<\/p>\n<p>Impressum<\/p>\n<p>[\/et_pb_text][\/et_pb_column][\/et_pb_row][\/et_pb_section][et_pb_section fb_built=&#8220;1&#8243; _builder_version=&#8220;4.16&#8243; _module_preset=&#8220;default&#8220; background_enable_color=&#8220;off&#8220; custom_padding=&#8220;||||false|false&#8220; global_colors_info=&#8220;{}&#8220;][et_pb_row column_structure=&#8220;1_3,1_3,1_3&#8243; _builder_version=&#8220;4.16&#8243; _module_preset=&#8220;default&#8220; max_width=&#8220;1200px&#8220; custom_css_main_element=&#8220;color:black;&#8220; global_colors_info=&#8220;{}&#8220;][et_pb_column type=&#8220;1_3&#8243; _builder_version=&#8220;4.16&#8243; _module_preset=&#8220;default&#8220; global_colors_info=&#8220;{}&#8220;][et_pb_text _builder_version=&#8220;4.16&#8243; _module_preset=&#8220;default&#8220; text_font=&#8220;|700|||||||&#8220; global_colors_info=&#8220;{}&#8220;]<\/p>\n<p>Responsible<\/p>\n<p>[\/et_pb_text][et_pb_text _builder_version=&#8220;4.16&#8243; _module_preset=&#8220;default&#8220; text_font=&#8220;|300|||||||&#8220; text_line_height=&#8220;1.3em&#8220; global_colors_info=&#8220;{}&#8220;]<\/p>\n<p>House of prayer B\u00f6deli<br \/>Martina Roth<br \/>Schulg\u00e4ssli 12<br \/>CH-3812 Wilderswil<\/p>\n<p>[\/et_pb_text][\/et_pb_column][et_pb_column type=&#8220;1_3&#8243; _builder_version=&#8220;4.16&#8243; _module_preset=&#8220;default&#8220; global_colors_info=&#8220;{}&#8220;][et_pb_text _builder_version=&#8220;4.16&#8243; _module_preset=&#8220;default&#8220; text_font=&#8220;|700|||||||&#8220; global_colors_info=&#8220;{}&#8220;]<\/p>\n<p>Contact<\/p>\n<p>[\/et_pb_text][et_pb_text _builder_version=&#8220;4.16&#8243; _module_preset=&#8220;default&#8220; text_font=&#8220;|300|||||||&#8220; text_line_height=&#8220;1.3em&#8220; global_colors_info=&#8220;{}&#8220;]<\/p>\n<p>E-mail:<a href=\"mailto:info@gebetshausboedeli.ch\"> info(at)gebetshausboedeli.ch<\/a><br \/>Internet: <a href=\"https:\/\/gebetshausb\u00f6deli.ch\/en\/#kontakt\">gebetshausb\u00f6deli.ch\/#kontakt<\/a><\/p>\n<p>[\/et_pb_text][\/et_pb_column][et_pb_column type=&#8220;1_3&#8243; _builder_version=&#8220;4.16&#8243; _module_preset=&#8220;default&#8220; global_colors_info=&#8220;{}&#8220;][et_pb_text _builder_version=&#8220;4.16&#8243; _module_preset=&#8220;default&#8220; text_font=&#8220;|700|||||||&#8220; global_colors_info=&#8220;{}&#8220;]<\/p>\n<p>Webdesign and hosting<\/p>\n<p>[\/et_pb_text][et_pb_text _builder_version=&#8220;4.27.4&#8243; _module_preset=&#8220;default&#8220; text_font=&#8220;|300|||||||&#8220; text_line_height=&#8220;1.3em&#8220; hover_enabled=&#8220;0&#8243; global_colors_info=&#8220;{}&#8220; sticky_enabled=&#8220;0&#8243;]<\/p>\n<p>Josia Langhart<br \/>E-mail: <a href=\"mailto:josia@langhart.be\">josia(at)langhart.be<\/a><\/p>\n<p>[\/et_pb_text][\/et_pb_column][\/et_pb_row][\/et_pb_section]<\/p>","protected":false},"excerpt":{"rendered":"<p>ImpressumVerantwortlichGebetshaus B\u00f6deliMartina RothSchulg\u00e4ssli 12CH-3812 WilderswilKontaktE-Mail: info(at)gebetshausboedeli.chInternet: gebetshausb\u00f6deli.ch\/#kontaktWebdesign und HostingJosia LanghartE-Mail: josia(at)langhart.be<\/p>","protected":false},"author":1,"featured_media":0,"parent":0,"menu_order":0,"comment_status":"closed","ping_status":"closed","template":"","meta":{"_et_pb_use_builder":"on","_et_pb_old_content":"","_et_gb_content_width":"","footnotes":""},"class_list":["post-29402","page","type-page","status-publish","hentry"],"_links":{"self":[{"href":"https:\/\/xn--gebetshausbdeli-jtb.ch\/en\/wp-json\/wp\/v2\/pages\/29402","targetHints":{"allow":["GET"]}}],"collection":[{"href":"https:\/\/xn--gebetshausbdeli-jtb.ch\/en\/wp-json\/wp\/v2\/pages"}],"about":[{"href":"https:\/\/xn--gebetshausbdeli-jtb.ch\/en\/wp-json\/wp\/v2\/types\/page"}],"author":[{"embeddable":true,"href":"https:\/\/xn--gebetshausbdeli-jtb.ch\/en\/wp-json\/wp\/v2\/users\/1"}],"replies":[{"embeddable":true,"href":"https:\/\/xn--gebetshausbdeli-jtb.ch\/en\/wp-json\/wp\/v2\/comments?post=29402"}],"version-history":[{"count":12,"href":"https:\/\/xn--gebetshausbdeli-jtb.ch\/en\/wp-json\/wp\/v2\/pages\/29402\/revisions"}],"predecessor-version":[{"id":30259,"href":"https:\/\/xn--gebetshausbdeli-jtb.ch\/en\/wp-json\/wp\/v2\/pages\/29402\/revisions\/30259"}],"wp:attachment":[{"href":"https:\/\/xn--gebetshausbdeli-jtb.ch\/en\/wp-json\/wp\/v2\/media?parent=29402"}],"curies":[{"name":"wp","href":"https:\/\/api.w.org\/{rel}","templated":true}]}}