{"id":29399,"date":"2021-10-05T21:58:13","date_gmt":"2021-10-05T19:58:13","guid":{"rendered":"https:\/\/xn--gebetshausbdeli-jtb.ch\/?page_id=29399"},"modified":"2026-03-16T16:34:45","modified_gmt":"2026-03-16T15:34:45","slug":"gebetshaus-boedeli","status":"publish","type":"page","link":"https:\/\/xn--gebetshausbdeli-jtb.ch\/en\/","title":{"rendered":"House of prayer B\u00f6deli"},"content":{"rendered":"<p>[et_pb_section fb_built=&#8220;1&#8243; fullwidth=&#8220;on&#8220; _builder_version=&#8220;4.16&#8243; _module_preset=&#8220;default&#8220; custom_css_main_element=&#8220;height:100vh;&#8220; global_colors_info=&#8220;{}&#8220;][et_pb_fullwidth_slider _builder_version=&#8220;4.24.2&#8243; _module_preset=&#8220;default&#8220; header_font=&#8220;|700|||||||&#8220; header_text_color=&#8220;#FFFFFF&#8220; header_font_size=&#8220;70px&#8220; body_font=&#8220;|600|||||||&#8220; body_text_color=&#8220;#FFFFFF&#8220; body_line_height=&#8220;1.2em&#8220; text_orientation=&#8220;left&#8220; custom_padding=&#8220;|35%|||false|false&#8220; custom_padding_tablet=&#8220;|0%|||false|false&#8220; custom_padding_phone=&#8220;|0%|||false|false&#8220; custom_padding_last_edited=&#8220;on|phone&#8220; animation_style=&#8220;fade&#8220; auto=&#8220;on&#8220; header_font_size_tablet=&#8220;&#8220; header_font_size_phone=&#8220;45px&#8220; header_font_size_last_edited=&#8220;on|phone&#8220; body_font_size_last_edited=&#8220;off|desktop&#8220; header_text_shadow_style=&#8220;preset3&#8243; header_text_shadow_blur_strength=&#8220;0.43em&#8220; header_text_shadow_color=&#8220;rgba(0,0,0,0.79)&#8220; body_text_shadow_style=&#8220;preset3&#8243; body_text_shadow_blur_strength=&#8220;0.31em&#8220; body_text_shadow_color=&#8220;#000000&#8243; global_colors_info=&#8220;{}&#8220;][et_pb_slide heading=&#8220;Gebetshaus B\u00f6deli&#8220; use_bg_overlay=&#8220;off&#8220; use_text_overlay=&#8220;off&#8220; _builder_version=&#8220;4.24.2&#8243; _module_preset=&#8220;default&#8220; background_enable_color=&#8220;off&#8220; background_image=&#8220;https:\/\/xn--gebetshausbdeli-jtb.ch\/wp-content\/uploads\/2021\/10\/eiger_moench_jungfrau.jpg&#8220; background_enable_image=&#8220;on&#8220; parallax=&#8220;on&#8220; custom_css_main_element=&#8220;height:100vh;&#8220; global_colors_info=&#8220;{}&#8220; sticky_transition=&#8220;on&#8220;]<\/p>\n<p>Nicht durch Macht und nicht durch Kraft, sondern durch meinen Geist!, spricht der Herr der Heerscharen.<br \/><em>Zechariah 4,6<\/em><\/p>\n<p>[\/et_pb_slide][et_pb_slide heading=&#8220;Gebetshaus B\u00f6deli&#8220; use_text_overlay=&#8220;off&#8220; _builder_version=&#8220;4.16&#8243; _module_preset=&#8220;default&#8220; background_enable_color=&#8220;off&#8220; background_image=&#8220;https:\/\/xn--gebetshausbdeli-jtb.ch\/wp-content\/uploads\/2021\/10\/boedeli.jpg&#8220; background_enable_image=&#8220;on&#8220; parallax=&#8220;on&#8220; custom_css_main_element=&#8220;height:100vh;&#8220; global_colors_info=&#8220;{}&#8220; sticky_transition=&#8220;on&#8220;]<\/p>\n<p>And they came up and took hold of his feet and worshiped him.<br \/><em>Matthew 28,9<\/em><\/p>\n<p>[\/et_pb_slide][\/et_pb_fullwidth_slider][\/et_pb_section][et_pb_section fb_built=&#8220;1&#8243; module_id=&#8220;vision&#8220; _builder_version=&#8220;4.17.0&#8243; _module_preset=&#8220;default&#8220; background_color=&#8220;rgba(0,0,0,0)&#8220; custom_margin=&#8220;||25px||false|false&#8220; custom_padding=&#8220;0px||0px||false|false&#8220; global_colors_info=&#8220;{}&#8220;][et_pb_row custom_padding_last_edited=&#8220;on|phone&#8220; _builder_version=&#8220;4.16&#8243; _module_preset=&#8220;default&#8220; background_color=&#8220;#7d9a00&#8243; width_tablet=&#8220;100%&#8220; width_phone=&#8220;&#8220; width_last_edited=&#8220;on|desktop&#8220; module_alignment=&#8220;left&#8220; custom_margin=&#8220;||||false|false&#8220; custom_padding=&#8220;60px|5%|60px|5%|true|true&#8220; custom_padding_tablet=&#8220;5%||5%||true|true&#8220; custom_padding_phone=&#8220;10%|10%|10%|10%|true|true&#8220; border_radii=&#8220;off|||50px|&#8220; border_radii_phone=&#8220;off|||50px|&#8220; border_radii_last_edited=&#8220;off|desktop&#8220; box_shadow_style=&#8220;preset1&#8243; global_colors_info=&#8220;{}&#8220;][et_pb_column type=&#8220;4_4&#8243; _builder_version=&#8220;4.16&#8243; _module_preset=&#8220;default&#8220; global_colors_info=&#8220;{}&#8220;][et_pb_text _builder_version=&#8220;4.16&#8243; _module_preset=&#8220;default&#8220; text_font=&#8220;|700|||||||&#8220; text_text_color=&#8220;#FFFFFF&#8220; text_font_size=&#8220;50px&#8220; text_line_height=&#8220;1.2em&#8220; header_font=&#8220;|700|||||||&#8220; header_text_color=&#8220;#FFFFFF&#8220; custom_margin=&#8220;||30px||false|false&#8220; global_colors_info=&#8220;{}&#8220;]<\/p>\n<h1>Vision<\/h1>\n<p>[\/et_pb_text][et_pb_toggle title=&#8220;Sie aber traten herzu und umfassten seine F\u00fcsse und beteten IHN an. Matth\u00e4us 28,9&#8243; open_toggle_text_color=&#8220;#FFFFFF&#8220; open_toggle_background_color=&#8220;RGBA(255,255,255,0)&#8220; closed_toggle_background_color=&#8220;RGBA(255,255,255,0)&#8220; use_icon_font_size=&#8220;on&#8220; icon_font_size=&#8220;30px&#8220; open_use_icon_font_size=&#8220;on&#8220; open_icon_font_size=&#8220;30px&#8220; _builder_version=&#8220;4.16&#8243; _module_preset=&#8220;default&#8220; title_text_color=&#8220;#FFFFFF&#8220; title_font=&#8220;|300|||||||&#8220; title_font_size=&#8220;25px&#8220; title_line_height=&#8220;1.3em&#8220; body_font=&#8220;|300|||||||&#8220; body_text_color=&#8220;#FFFFFF&#8220; custom_padding=&#8220;0px|0px|0px|0px|false|false&#8220; title_font_size_tablet=&#8220;20px&#8220; title_font_size_phone=&#8220;20px&#8220; title_font_size_last_edited=&#8220;on|tablet&#8220; border_width_all=&#8220;0px&#8220; global_colors_info=&#8220;{}&#8220;]<\/p>\n<p>The House of Prayer B\u00f6deli is a place<\/p>\n<ul>\n<li>where Jesus Christ, our King, is worshipped and welcomed day and night.<br \/><em>Psalm 24:7<\/em><\/li>\n<\/ul>\n<p><em><\/em><\/p>\n<ul>\n<li>where the sky touches the earth.<br \/><em>Genesis 28:12<\/em><\/li>\n<\/ul>\n<p><em><\/em><\/p>\n<ul>\n<li>where God is present and we meet HIM face to face.<br \/><em>2. Mose 25,22<\/em><\/li>\n<\/ul>\n<p><em><\/em><\/p>\n<ul>\n<li>where God's plans are prayed into existence in spirit and in truth.<br \/><em>Zechariah 4,6<\/em><\/li>\n<\/ul>\n<p><em><\/em><\/p>\n<ul>\n<li>where our gaze is fixed on Jesus Christ and we are thereby transformed into His image.<br \/><em>1 Corinthians 13:12<\/em><\/li>\n<\/ul>\n<p><em><\/em><\/p>\n<ul>\n<li>where interdenominational unity is practiced across all generations through very different forms of prayer.<br \/><em>Psalm 133 \/ John 17, 22-23<\/em><\/li>\n<\/ul>\n<p><em><\/em><\/p>\n<ul>\n<li>where relationships are forged and we encourage each other over coffee and tea. \ud83d\ude0a<br \/><em>Ephesians 5:19 \/ Romans 12<\/em><\/li>\n<\/ul>\n<ul><\/ul>\n<p>[\/et_pb_toggle][\/et_pb_column][\/et_pb_row][\/et_pb_section][et_pb_section fb_built=&#8220;1&#8243; disabled_on=&#8220;off|off|off&#8220; _builder_version=&#8220;4.18.0&#8243; _module_preset=&#8220;default&#8220; background_color=&#8220;rgba(0,0,0,0)&#8220; global_colors_info=&#8220;{}&#8220;][et_pb_row _builder_version=&#8220;4.24.2&#8243; _module_preset=&#8220;default&#8220; width_tablet=&#8220;100%&#8220; width_phone=&#8220;100%&#8220; width_last_edited=&#8220;on|phone&#8220; custom_margin=&#8220;0px||0px||false|false&#8220; custom_padding=&#8220;0px||0px||false|false&#8220; border_radii=&#8220;on|50px|50px|50px|50px&#8220; box_shadow_style=&#8220;preset1&#8243; global_colors_info=&#8220;{}&#8220;][et_pb_column type=&#8220;4_4&#8243; _builder_version=&#8220;4.16&#8243; _module_preset=&#8220;default&#8220; global_colors_info=&#8220;{}&#8220;][et_pb_video src=&#8220;https:\/\/youtu.be\/-yd5JHCxrMs&#8220; _builder_version=&#8220;4.16&#8243; _module_preset=&#8220;default&#8220; global_colors_info=&#8220;{}&#8220;][\/et_pb_video][\/et_pb_column][\/et_pb_row][\/et_pb_section][et_pb_section fb_built=&#8220;1&#8243; module_id=&#8220;gebetszeiten&#8220; _builder_version=&#8220;4.16&#8243; _module_preset=&#8220;default&#8220; background_color=&#8220;rgba(0,0,0,0)&#8220; custom_margin=&#8220;||||false|false&#8220; custom_padding=&#8220;0px||0px||false|false&#8220; global_colors_info=&#8220;{}&#8220;][et_pb_row column_structure=&#8220;1_2,1_2&#8243; _builder_version=&#8220;4.16&#8243; _module_preset=&#8220;default&#8220; width=&#8220;100%&#8220; max_width=&#8220;100%&#8220; custom_margin=&#8220;||||false|false&#8220; custom_padding=&#8220;25px||25px||false|false&#8220; border_radii=&#8220;off||||&#8220; global_colors_info=&#8220;{}&#8220;][et_pb_column type=&#8220;1_2&#8243; _builder_version=&#8220;4.16&#8243; _module_preset=&#8220;default&#8220; custom_padding=&#8220;60px||60px|5%|true|false&#8220; custom_padding_tablet=&#8220;5%|5%|5%|5%|true|true&#8220; custom_padding_phone=&#8220;10%|10%|10%|10%|true|true&#8220; custom_padding_last_edited=&#8220;on|phone&#8220; global_colors_info=&#8220;{}&#8220;][et_pb_text _builder_version=&#8220;4.16&#8243; _module_preset=&#8220;default&#8220; text_font=&#8220;|700|||||||&#8220; text_text_color=&#8220;#FFFFFF&#8220; text_font_size=&#8220;50px&#8220; text_line_height=&#8220;1.2em&#8220; header_font=&#8220;|700|||||||&#8220; header_text_color=&#8220;#000000&#8243; custom_margin=&#8220;||30px||false|false&#8220; global_colors_info=&#8220;{}&#8220;]<\/p>\n<h1>Common prayer times<\/h1>\n<p>[\/et_pb_text][et_pb_text _builder_version=&#8220;4.27.4&#8243; _module_preset=&#8220;default&#8220; text_font=&#8220;|300|||||||&#8220; global_colors_info=&#8220;{}&#8220;]<\/p>\n<p>Regelm\u00e4ssig treffen wir uns am Mittwoch von 9.00-10.00 und am Donnerstag von 20.00-21.00 Uhr und in den Schulferien nach Absprache, um gemeinsam in die Gegenwart des Herrn zu kommen.<\/p>\n<p>[\/et_pb_text][et_pb_text _builder_version=&#8220;4.16&#8243; _module_preset=&#8220;default&#8220; text_font=&#8220;|300|||||||&#8220; global_colors_info=&#8220;{}&#8220;]<\/p>\n<p>Herzlich Willkommen!<\/p>\n<p>[\/et_pb_text][\/et_pb_column][et_pb_column type=&#8220;1_2&#8243; _builder_version=&#8220;4.16&#8243; _module_preset=&#8220;default&#8220; custom_padding=&#8220;||||false|false&#8220; border_radii=&#8220;off|50px|||50px&#8220; box_shadow_style=&#8220;preset1&#8243; global_colors_info=&#8220;{}&#8220;][et_pb_gallery gallery_ids=&#8220;30263&#8243; fullwidth=&#8220;on&#8220; module_class=&#8220;disable-lightbox&#8220; _builder_version=&#8220;4.27.4&#8243; _module_preset=&#8220;default&#8220; width=&#8220;100%&#8220; width_tablet=&#8220;&#8220; width_phone=&#8220;&#8220; width_last_edited=&#8220;on|phone&#8220; max_width=&#8220;1080px&#8220; module_alignment=&#8220;center&#8220; custom_margin=&#8220;||||false|false&#8220; custom_padding=&#8220;||||false|false&#8220; border_radii=&#8220;off|50px|||50px&#8220; global_colors_info=&#8220;{}&#8220;][\/et_pb_gallery][\/et_pb_column][\/et_pb_row][\/et_pb_section][et_pb_section fb_built=&#8220;1&#8243; module_id=&#8220;24-7-gebet&#8220; _builder_version=&#8220;4.16&#8243; _module_preset=&#8220;default&#8220; background_color=&#8220;rgba(0,0,0,0)&#8220; custom_margin=&#8220;25px||25px||false|false&#8220; custom_padding=&#8220;0px||0px||false|false&#8220; global_colors_info=&#8220;{}&#8220;][et_pb_row custom_padding_last_edited=&#8220;on|phone&#8220; _builder_version=&#8220;4.18.0&#8243; _module_preset=&#8220;default&#8220; background_color=&#8220;#7d9a00&#8243; width_tablet=&#8220;100%&#8220; width_phone=&#8220;100%&#8220; width_last_edited=&#8220;on|phone&#8220; max_width=&#8220;1300px&#8220; module_alignment=&#8220;left&#8220; custom_margin=&#8220;||||false|false&#8220; custom_padding=&#8220;60px|5%|60px|5%|true|true&#8220; custom_padding_tablet=&#8220;5%||5%||true|true&#8220; custom_padding_phone=&#8220;10%|10%|10%|10%|true|true&#8220; border_radii=&#8220;off||50px|50px|&#8220; box_shadow_style=&#8220;preset1&#8243; global_colors_info=&#8220;{}&#8220;][et_pb_column type=&#8220;4_4&#8243; _builder_version=&#8220;4.16&#8243; _module_preset=&#8220;default&#8220; global_colors_info=&#8220;{}&#8220;][et_pb_text _builder_version=&#8220;4.16&#8243; _module_preset=&#8220;default&#8220; text_font=&#8220;|700|||||||&#8220; text_text_color=&#8220;#FFFFFF&#8220; text_font_size=&#8220;50px&#8220; text_line_height=&#8220;1.2em&#8220; header_font=&#8220;|700|||||||&#8220; header_text_color=&#8220;#FFFFFF&#8220; custom_margin=&#8220;||30px||false|false&#8220; global_colors_info=&#8220;{}&#8220;]<\/p>\n<h1>24\/7 prayer<\/h1>\n<p>[\/et_pb_text][et_pb_text _builder_version=&#8220;4.24.2&#8243; _module_preset=&#8220;default&#8220; text_font=&#8220;|300|||||||&#8220; text_text_color=&#8220;#FFFFFF&#8220; global_colors_info=&#8220;{}&#8220;]<\/p>\n<p>Wir glauben, dass es an der Zeit ist, hier auf dem B\u00f6deli 24\/7 Anbetung zu starten. Wo rund um die Uhr angebetet wird, hat das grosse Auswirkungen auf die Region. Gottes Gegenwart ver\u00e4ndert die Atmosph\u00e4re. Abba Vater, wie im Himmel so auf Erden.<\/p>\n<p>[\/et_pb_text][\/et_pb_column][\/et_pb_row][\/et_pb_section][et_pb_section fb_built=&#8220;1&#8243; disabled_on=&#8220;on|on|on&#8220; module_id=&#8220;dasteam&#8220; _builder_version=&#8220;4.23.1&#8243; _module_preset=&#8220;default&#8220; background_color=&#8220;rgba(0,0,0,0)&#8220; custom_margin=&#8220;||||false|false&#8220; custom_padding=&#8220;0px||0px||false|false&#8220; disabled=&#8220;on&#8220; global_colors_info=&#8220;{}&#8220;][et_pb_row column_structure=&#8220;1_2,1_2&#8243; _builder_version=&#8220;4.16&#8243; _module_preset=&#8220;default&#8220; width=&#8220;100%&#8220; max_width=&#8220;100%&#8220; custom_margin=&#8220;||||false|false&#8220; custom_padding=&#8220;25px||25px||false|false&#8220; border_radii=&#8220;off||||&#8220; global_colors_info=&#8220;{}&#8220;][et_pb_column type=&#8220;1_2&#8243; _builder_version=&#8220;4.16&#8243; _module_preset=&#8220;default&#8220; custom_padding=&#8220;60px||60px|5%|true|false&#8220; custom_padding_tablet=&#8220;5%|5%|5%|5%|true|true&#8220; custom_padding_phone=&#8220;10%|10%|10%|10%|true|true&#8220; custom_padding_last_edited=&#8220;on|phone&#8220; global_colors_info=&#8220;{}&#8220;][et_pb_text _builder_version=&#8220;4.16&#8243; _module_preset=&#8220;default&#8220; text_font=&#8220;|700|||||||&#8220; text_text_color=&#8220;#FFFFFF&#8220; text_font_size=&#8220;50px&#8220; text_line_height=&#8220;1.2em&#8220; header_font=&#8220;|700|||||||&#8220; header_text_color=&#8220;#000000&#8243; custom_margin=&#8220;||30px||false|false&#8220; global_colors_info=&#8220;{}&#8220;]<\/p>\n<h1>The team<\/h1>\n<p>[\/et_pb_text][et_pb_text _builder_version=&#8220;4.16&#8243; _module_preset=&#8220;default&#8220; text_font=&#8220;|300|||||||&#8220; global_colors_info=&#8220;{}&#8220;]<\/p>\n<p>Zum Kernteam des Gebetshaus B\u00f6deli geh\u00f6ren zurzeit Adrian, Doris, Martina und Magdalena.<\/p>\n<p>[\/et_pb_text][\/et_pb_column][et_pb_column type=&#8220;1_2&#8243; _builder_version=&#8220;4.16&#8243; _module_preset=&#8220;default&#8220; custom_padding=&#8220;||||false|false&#8220; border_radii=&#8220;off|50px|||50px&#8220; box_shadow_style=&#8220;preset1&#8243; global_colors_info=&#8220;{}&#8220;][et_pb_image src=&#8220;https:\/\/xn--gebetshausbdeli-jtb.ch\/wp-content\/uploads\/2021\/12\/team_neu_edited.jpg&#8220; title_text=&#8220;team_neu_edited&#8220; module_class=&#8220;disable-lightbox&#8220; _builder_version=&#8220;4.16&#8243; _module_preset=&#8220;default&#8220; global_colors_info=&#8220;{}&#8220;][\/et_pb_image][\/et_pb_column][\/et_pb_row][\/et_pb_section][et_pb_section fb_built=&#8220;1&#8243; disabled_on=&#8220;off|off|off&#8220; module_id=&#8220;dasteam&#8220; _builder_version=&#8220;4.23.1&#8243; _module_preset=&#8220;default&#8220; background_color=&#8220;rgba(0,0,0,0)&#8220; custom_margin=&#8220;||||false|false&#8220; custom_padding=&#8220;0px||0px||false|false&#8220; global_colors_info=&#8220;{}&#8220;][et_pb_row _builder_version=&#8220;4.23.1&#8243; _module_preset=&#8220;default&#8220; width=&#8220;100%&#8220; max_width=&#8220;100%&#8220; custom_margin=&#8220;||||false|false&#8220; custom_padding=&#8220;25px||25px||false|false&#8220; border_radii=&#8220;off||||&#8220; global_colors_info=&#8220;{}&#8220;][et_pb_column type=&#8220;4_4&#8243; _builder_version=&#8220;4.16&#8243; _module_preset=&#8220;default&#8220; custom_padding=&#8220;60px||60px|5%|true|false&#8220; custom_padding_tablet=&#8220;5%|5%|5%|5%|true|true&#8220; custom_padding_phone=&#8220;10%|10%|10%|10%|true|true&#8220; custom_padding_last_edited=&#8220;on|phone&#8220; global_colors_info=&#8220;{}&#8220;][et_pb_text _builder_version=&#8220;4.16&#8243; _module_preset=&#8220;default&#8220; text_font=&#8220;|700|||||||&#8220; text_text_color=&#8220;#FFFFFF&#8220; text_font_size=&#8220;50px&#8220; text_line_height=&#8220;1.2em&#8220; header_font=&#8220;|700|||||||&#8220; header_text_color=&#8220;#000000&#8243; custom_margin=&#8220;||30px||false|false&#8220; global_colors_info=&#8220;{}&#8220;]<\/p>\n<h1>The team<\/h1>\n<p>[\/et_pb_text][et_pb_text _builder_version=&#8220;4.23.1&#8243; _module_preset=&#8220;default&#8220; text_font=&#8220;|300|||||||&#8220; global_colors_info=&#8220;{}&#8220;]<\/p>\n<p>Zum Kernteam des Gebetshaus B\u00f6deli geh\u00f6rt zurzeit nur Martina.<\/p>\n<p>[\/et_pb_text][\/et_pb_column][\/et_pb_row][\/et_pb_section][et_pb_section fb_built=&#8220;1&#8243; module_id=&#8220;waswirglauben&#8220; _builder_version=&#8220;4.16&#8243; _module_preset=&#8220;default&#8220; background_color=&#8220;rgba(0,0,0,0)&#8220; custom_margin=&#8220;25px||25px||false|false&#8220; custom_padding=&#8220;0px||0px||false|false&#8220; global_colors_info=&#8220;{}&#8220;][et_pb_row custom_padding_last_edited=&#8220;on|phone&#8220; _builder_version=&#8220;4.16&#8243; _module_preset=&#8220;default&#8220; background_color=&#8220;#7d9a00&#8243; width_tablet=&#8220;100%&#8220; width_phone=&#8220;100%&#8220; width_last_edited=&#8220;on|phone&#8220; module_alignment=&#8220;left&#8220; custom_margin=&#8220;|777px||auto||&#8220; custom_padding=&#8220;60px|5%|60px|5%|true|true&#8220; custom_padding_tablet=&#8220;5%||5%||true|true&#8220; custom_padding_phone=&#8220;10%|10%|10%|10%|true|true&#8220; border_radii=&#8220;off||50px|50px|&#8220; box_shadow_style=&#8220;preset1&#8243; global_colors_info=&#8220;{}&#8220;][et_pb_column type=&#8220;4_4&#8243; _builder_version=&#8220;4.16&#8243; _module_preset=&#8220;default&#8220; global_colors_info=&#8220;{}&#8220;][et_pb_text _builder_version=&#8220;4.16&#8243; _module_preset=&#8220;default&#8220; text_font=&#8220;|700|||||||&#8220; text_text_color=&#8220;#FFFFFF&#8220; text_font_size=&#8220;50px&#8220; text_line_height=&#8220;1.2em&#8220; header_font=&#8220;|700|||||||&#8220; header_text_color=&#8220;#FFFFFF&#8220; custom_margin=&#8220;||30px||false|false&#8220; global_colors_info=&#8220;{}&#8220;]<\/p>\n<h1>What we believe<\/h1>\n<p>[\/et_pb_text][et_pb_text _builder_version=&#8220;4.16&#8243; _module_preset=&#8220;default&#8220; text_font=&#8220;|300|||||||&#8220; text_text_color=&#8220;#FFFFFF&#8220; global_colors_info=&#8220;{}&#8220;]<\/p>\n<p><span>I believe in God <\/span><span>the Father, the Almighty, <\/span><span>the Creator of heaven and earth. <\/span><span>And in Jesus Christ, <\/span><span>His only begotten Son, our Lord, <\/span><span>conceived by the Holy Spirit, <\/span><span>born of the Virgin Mary, <\/span><span>suffered under Pontius Pilate, <\/span><span>crucified, died and was buried, <\/span><span>descended into the kingdom of death, <\/span><span>on the third day rose from the dead, <\/span><span>ascended into heaven; <\/span><span>He is seated at the right hand of God <\/span><span>the Father Almighty; <\/span><span>from there He will come <\/span><span>to judge the living and the dead. <\/span><span>I believe in the Holy Spirit, <\/span><span>the Holy Christian Church, <\/span><span>communion of saints, <\/span><span>forgiveness of sins, <\/span><span>resurrection of the dead, <\/span><span>and life everlasting. Amen.<\/span><\/p>\n<p>[\/et_pb_text][\/et_pb_column][\/et_pb_row][\/et_pb_section][et_pb_section fb_built=&#8220;1&#8243; _builder_version=&#8220;4.23.1&#8243; _module_preset=&#8220;default&#8220; background_color=&#8220;rgba(0,0,0,0)&#8220; global_colors_info=&#8220;{}&#8220;][et_pb_row _builder_version=&#8220;4.23.1&#8243; _module_preset=&#8220;default&#8220; background_color=&#8220;#7d9a00&#8243; width=&#8220;50%&#8220; width_tablet=&#8220;100%&#8220; width_phone=&#8220;100%&#8220; width_last_edited=&#8220;on|phone&#8220; max_width=&#8220;100%&#8220; custom_padding=&#8220;60px|5%|60px|5%|false|false&#8220; border_radii=&#8220;on|50px|50px|50px|50px&#8220; box_shadow_style=&#8220;preset1&#8243; global_colors_info=&#8220;{}&#8220;][et_pb_column type=&#8220;4_4&#8243; _builder_version=&#8220;4.23.1&#8243; _module_preset=&#8220;default&#8220; global_colors_info=&#8220;{}&#8220;][et_pb_text _builder_version=&#8220;4.24.2&#8243; _module_preset=&#8220;default&#8220; text_font=&#8220;|700|||||||&#8220; text_text_color=&#8220;#FFFFFF&#8220; text_font_size=&#8220;50px&#8220; text_line_height=&#8220;1.2em&#8220; header_font=&#8220;|700|||||||&#8220; header_text_color=&#8220;#FFFFFF&#8220; text_orientation=&#8220;center&#8220; custom_margin=&#8220;||30px||false|false&#8220; global_colors_info=&#8220;{}&#8220;]<\/p>\n<h1>Kontaktiere Martina<\/h1>\n<p>[\/et_pb_text][et_pb_image src=&#8220;https:\/\/xn--gebetshausbdeli-jtb.ch\/wp-content\/uploads\/2025\/09\/martina_roth_kreis.png&#8220; title_text=&#8220;martina_roth_kreis&#8220; url=&#8220;https:\/\/wa.me\/41794178158&#8243; url_new_window=&#8220;on&#8220; align=&#8220;center&#8220; module_class=&#8220;dt-zoom-in&#8220; _builder_version=&#8220;4.27.4&#8243; _module_preset=&#8220;default&#8220; width=&#8220;30%&#8220; custom_margin=&#8220;||||true|true&#8220; custom_padding=&#8220;||||true|true&#8220; global_colors_info=&#8220;{}&#8220;][\/et_pb_image][\/et_pb_column][\/et_pb_row][\/et_pb_section][et_pb_section fb_built=&#8220;1&#8243; fullwidth=&#8220;on&#8220; _builder_version=&#8220;4.16&#8243; _module_preset=&#8220;default&#8220; background_color=&#8220;rgba(0,0,0,0)&#8220; custom_margin=&#8220;25px||||false|false&#8220; custom_padding=&#8220;0px||0px||false|false&#8220; global_colors_info=&#8220;{}&#8220;][et_pb_fullwidth_code module_class=&#8220;maps&#8220; _builder_version=&#8220;4.16&#8243; _module_preset=&#8220;default&#8220; box_shadow_style=&#8220;preset1&#8243; global_colors_info=&#8220;{}&#8220;]<iframe width=\"100%\" height=\"500px\" style=\"border:0\" loading=\"lazy\" allowfullscreen src=\"https:\/\/www.google.com\/maps\/embed?pb=!1m18!1m12!1m3!1d2738.2307893867633!2d7.861700415796766!3d46.66170446076106!2m3!1f0!2f0!3f0!3m2!1i1024!2i768!4f13.1!3m3!1m2!1s0x478fa3ae245499ab%3A0x69835a2ff3f85f1f!2sGebetshaus%20B%C3%B6deli%20Interlaken!5e0!3m2!1sde!2sch!4v1638476977978!5m2!1sde!2sch\"><\/iframe>[\/et_pb_fullwidth_code][\/et_pb_section]<\/p>","protected":false},"excerpt":{"rendered":"<p>Nicht durch Macht und nicht durch Kraft, sondern durch meinen Geist!, spricht der Herr der Heerscharen.Sacharja 4,6Sie aber traten herzu und umfassten seine F\u00fcsse und beteten IHN an.Matth\u00e4us 28,9VisionDas Gebetshaus B\u00f6deli ist ein Ort wo Jesus Christus, unser K\u00f6nig, Tag und Nacht angebetet und willkommen geheissen wird.Psalm 24,7 wo der Himmel die Erde ber\u00fchrt.1. Mose [&hellip;]<\/p>","protected":false},"author":1,"featured_media":0,"parent":0,"menu_order":0,"comment_status":"closed","ping_status":"closed","template":"","meta":{"_et_pb_use_builder":"on","_et_pb_old_content":"","_et_gb_content_width":"","footnotes":""},"class_list":["post-29399","page","type-page","status-publish","hentry"],"_links":{"self":[{"href":"https:\/\/xn--gebetshausbdeli-jtb.ch\/en\/wp-json\/wp\/v2\/pages\/29399","targetHints":{"allow":["GET"]}}],"collection":[{"href":"https:\/\/xn--gebetshausbdeli-jtb.ch\/en\/wp-json\/wp\/v2\/pages"}],"about":[{"href":"https:\/\/xn--gebetshausbdeli-jtb.ch\/en\/wp-json\/wp\/v2\/types\/page"}],"author":[{"embeddable":true,"href":"https:\/\/xn--gebetshausbdeli-jtb.ch\/en\/wp-json\/wp\/v2\/users\/1"}],"replies":[{"embeddable":true,"href":"https:\/\/xn--gebetshausbdeli-jtb.ch\/en\/wp-json\/wp\/v2\/comments?post=29399"}],"version-history":[{"count":159,"href":"https:\/\/xn--gebetshausbdeli-jtb.ch\/en\/wp-json\/wp\/v2\/pages\/29399\/revisions"}],"predecessor-version":[{"id":30269,"href":"https:\/\/xn--gebetshausbdeli-jtb.ch\/en\/wp-json\/wp\/v2\/pages\/29399\/revisions\/30269"}],"wp:attachment":[{"href":"https:\/\/xn--gebetshausbdeli-jtb.ch\/en\/wp-json\/wp\/v2\/media?parent=29399"}],"curies":[{"name":"wp","href":"https:\/\/api.w.org\/{rel}","templated":true}]}}